{"id":379,"date":"2024-01-31T10:10:55","date_gmt":"2024-01-31T09:10:55","guid":{"rendered":"https:\/\/darkviolet-koala-232936.hostingersite.com\/?page_id=379"},"modified":"2026-02-10T18:59:04","modified_gmt":"2026-02-10T17:59:04","slug":"formulario-de-contacto","status":"publish","type":"page","link":"https:\/\/eukenisoto.eu\/en\/formulario-de-contacto\/","title":{"rendered":"Formulario de contacto"},"content":{"rendered":"\t\t<div data-elementor-type=\"wp-page\" data-elementor-id=\"379\" class=\"elementor elementor-379\" data-elementor-post-type=\"page\">\n\t\t\t\t<div class=\"elementor-element elementor-element-0661e39 e-flex e-con-boxed e-con e-parent\" data-id=\"0661e39\" data-element_type=\"container\" data-e-type=\"container\" data-settings=\"{&quot;background_background&quot;:&quot;classic&quot;}\">\n\t\t\t\t\t<div class=\"e-con-inner\">\n\t\t\t\t<div class=\"elementor-element elementor-element-c0ff3d7 elementor-widget elementor-widget-heading\" data-id=\"c0ff3d7\" data-element_type=\"widget\" data-e-type=\"widget\" data-widget_type=\"heading.default\">\n\t\t\t\t<div class=\"elementor-widget-container\">\n\t\t\t\t\t<h1 class=\"elementor-heading-title elementor-size-default\">Formulario de contacto<\/h1>\t\t\t\t<\/div>\n\t\t\t\t<\/div>\n\t\t\t\t\t<\/div>\n\t\t\t\t<\/div>\n\t\t<div class=\"elementor-element elementor-element-bc6cbad e-flex e-con-boxed e-con e-parent\" data-id=\"bc6cbad\" data-element_type=\"container\" data-e-type=\"container\">\n\t\t\t\t\t<div class=\"e-con-inner\">\n\t\t\t\t<div class=\"elementor-element elementor-element-d091c4e elementor-widget elementor-widget-wpforms\" data-id=\"d091c4e\" data-element_type=\"widget\" data-e-type=\"widget\" data-widget_type=\"wpforms.default\">\n\t\t\t\t<div class=\"elementor-widget-container\">\n\t\t\t\t\t<div class=\"wpforms-container wpforms-container-full wpforms-render-modern\" id=\"wpforms-203\"><form id=\"wpforms-form-203\" class=\"wpforms-validate wpforms-form wpforms-ajax-form\" data-formid=\"203\" method=\"post\" enctype=\"multipart\/form-data\" action=\"\/en\/wp-json\/wp\/v2\/pages\/379\" data-token=\"acf2a23fb59bd69aadfab18c989504a3\" data-token-time=\"1776359650\"><noscript class=\"wpforms-error-noscript\">Please enable JavaScript in your browser to complete this form.<\/noscript><div id=\"wpforms-error-noscript\" style=\"display: none;\">Please enable JavaScript in your browser to complete this form.<\/div><div class=\"wpforms-field-container\"><div id=\"wpforms-203-field_4-container\" class=\"wpforms-field wpforms-field-text\" data-field-id=\"4\"><label class=\"wpforms-field-label\" for=\"wpforms-203-field_4\">Nombre de contacto <span class=\"wpforms-required-label\" aria-hidden=\"true\">*<\/span><\/label><input type=\"text\" id=\"wpforms-203-field_4\" class=\"wpforms-field-medium wpforms-field-required\" name=\"wpforms[fields][4]\" aria-errormessage=\"wpforms-203-field_4-error\" required><\/div><div id=\"wpforms-203-field_1-container\" class=\"wpforms-field wpforms-field-email\" data-field-id=\"1\"><label class=\"wpforms-field-label\" for=\"wpforms-203-field_1\">Correo electr\u00f3nico <span class=\"wpforms-required-label\" aria-hidden=\"true\">*<\/span><\/label><input type=\"email\" id=\"wpforms-203-field_1\" class=\"wpforms-field-medium wpforms-field-required\" name=\"wpforms[fields][1]\" spellcheck=\"false\" aria-errormessage=\"wpforms-203-field_1-error\" required><\/div><div id=\"wpforms-203-field_6-container\" class=\"wpforms-field wpforms-field-select wpforms-field-select-style-classic\" data-field-id=\"6\"><label class=\"wpforms-field-label\" for=\"wpforms-203-field_6\">Asunto <span class=\"wpforms-required-label\" aria-hidden=\"true\">*<\/span><\/label><select id=\"wpforms-203-field_6\" class=\"wpforms-field-medium wpforms-field-required\" name=\"wpforms[fields][6]\" required=\"required\"><option value=\"Curso\"  selected='selected' class=\"choice-1 depth-1\"  >Curso<\/option><option value=\"Salida guiada\"  class=\"choice-2 depth-1\"  >Salida guiada<\/option><option value=\"Alpes\"  class=\"choice-7 depth-1\"  >Alpes<\/option><option value=\"Consulta otra actividad\"  class=\"choice-5 depth-1\"  >Consulta otra actividad<\/option><option value=\"Comentarios acerca del sitio\"  class=\"choice-4 depth-1\"  >Comentarios acerca del sitio<\/option><option value=\"Otro\"  class=\"choice-6 depth-1\"  >Otro<\/option><\/select><\/div><div id=\"wpforms-203-field_2-container\" class=\"wpforms-field wpforms-field-textarea\" data-field-id=\"2\"><label class=\"wpforms-field-label\" for=\"wpforms-203-field_2\">Comentario o mensaje<\/label><textarea id=\"wpforms-203-field_2\" class=\"wpforms-field-medium\" name=\"wpforms[fields][2]\" aria-errormessage=\"wpforms-203-field_2-error\" ><\/textarea><\/div><div id=\"wpforms-203-field_7-container\" class=\"wpforms-field wpforms-field-gdpr-checkbox\" data-field-id=\"7\"><label class=\"wpforms-field-label\">Acuerdo RGPD <span class=\"wpforms-required-label\" aria-hidden=\"true\">*<\/span><\/label><ul id=\"wpforms-203-field_7\" class=\"wpforms-field-required\"><li class=\"choice-1\"><input type=\"checkbox\" id=\"wpforms-203-field_7_1\" name=\"wpforms[fields][7][]\" value=\"Doy mi consentimiento para que esta web almacene la informaci\u00f3n que env\u00edo para que puedan responder a mi petici\u00f3n.\" aria-errormessage=\"wpforms-203-field_7_1-error\" required ><label class=\"wpforms-field-label-inline\" for=\"wpforms-203-field_7_1\">Doy mi consentimiento para que esta web almacene la informaci\u00f3n que env\u00edo para que puedan responder a mi petici\u00f3n.<\/label><\/li><\/ul><\/div><\/div><!-- .wpforms-field-container --><div class=\"wpforms-submit-container\" ><input type=\"hidden\" name=\"wpforms[id]\" value=\"203\"><input type=\"hidden\" name=\"page_title\" value=\"\"><input type=\"hidden\" name=\"page_url\" value=\"https:\/\/eukenisoto.eu\/en\/wp-json\/wp\/v2\/pages\/379\"><input type=\"hidden\" name=\"url_referer\" value=\"\"><button type=\"submit\" name=\"wpforms[submit]\" id=\"wpforms-submit-203\" class=\"wpforms-submit\" data-alt-text=\"Enviando...\" data-submit-text=\"Enviar\" aria-live=\"assertive\" value=\"wpforms-submit\">Enviar<\/button><img decoding=\"async\" src=\"https:\/\/eukenisoto.eu\/wp-content\/plugins\/wpforms-lite\/assets\/images\/submit-spin.svg\" class=\"wpforms-submit-spinner\" style=\"display: none;\" width=\"26\" height=\"26\" alt=\"Loading\"><\/div><\/form><\/div>  <!-- .wpforms-container -->\t\t\t\t<\/div>\n\t\t\t\t<\/div>\n\t\t\t\t\t<\/div>\n\t\t\t\t<\/div>\n\t\t\t\t<\/div>\n\t\t","protected":false},"excerpt":{"rendered":"<p>Por favor, activa JavaScript en tu navegador para completar este formulario.Por favor, activa JavaScript en tu navegador para completar este formulario.Nombre de contacto *Correo electr\u00f3nico *Asunto *CursoSalida guiadaAlpesConsulta otra actividadComentarios acerca del sitioOtroComentario o mensajeAcuerdo RGPD * Doy mi consentimiento para que esta web almacene la informaci\u00f3n que env\u00edo para que puedan responder a mi [&hellip;]<\/p>\n","protected":false},"author":1,"featured_media":0,"parent":0,"menu_order":0,"comment_status":"closed","ping_status":"closed","template":"elementor_header_footer","meta":{"inline_featured_image":false,"footnotes":""},"class_list":["post-379","page","type-page","status-publish","hentry"],"yoast_head":"<!-- This site is optimized with the Yoast SEO plugin v27.4 - https:\/\/yoast.com\/product\/yoast-seo-wordpress\/ -->\n<title>Formulario de contacto - Eukeni Soto Gu\u00eda de alta monta\u00f1a UIAGM<\/title>\n<meta name=\"robots\" content=\"index, follow, max-snippet:-1, max-image-preview:large, max-video-preview:-1\" \/>\n<link rel=\"canonical\" href=\"https:\/\/eukenisoto.eu\/en\/formulario-de-contacto\/\" \/>\n<meta property=\"og:locale\" content=\"en_GB\" \/>\n<meta property=\"og:type\" content=\"article\" \/>\n<meta property=\"og:title\" content=\"Formulario de contacto - Eukeni Soto Gu\u00eda de alta monta\u00f1a UIAGM\" \/>\n<meta property=\"og:description\" content=\"Por favor, activa JavaScript en tu navegador para completar este formulario.Por favor, activa JavaScript en tu navegador para completar este formulario.Nombre de contacto *Correo electr\u00f3nico *Asunto *CursoSalida guiadaAlpesConsulta otra actividadComentarios acerca del sitioOtroComentario o mensajeAcuerdo RGPD * Doy mi consentimiento para que esta web almacene la informaci\u00f3n que env\u00edo para que puedan responder a mi [&hellip;]\" \/>\n<meta property=\"og:url\" content=\"https:\/\/eukenisoto.eu\/en\/formulario-de-contacto\/\" \/>\n<meta property=\"og:site_name\" content=\"Eukeni Soto Gu\u00eda de alta monta\u00f1a UIAGM\" \/>\n<meta property=\"article:publisher\" content=\"https:\/\/www.facebook.com\/eukenisotogam\/\" \/>\n<meta property=\"article:modified_time\" content=\"2026-02-10T17:59:04+00:00\" \/>\n<meta property=\"og:image\" content=\"https:\/\/darkviolet-koala-232936.hostingersite.com\/wp-content\/plugins\/wpforms-lite\/assets\/images\/submit-spin.svg\" \/>\n<meta name=\"twitter:card\" content=\"summary_large_image\" \/>\n<meta name=\"twitter:site\" content=\"@eukenisoto\" \/>\n<meta name=\"twitter:label1\" content=\"Estimated reading time\" \/>\n\t<meta name=\"twitter:data1\" content=\"1 minute\" \/>\n<script type=\"application\/ld+json\" class=\"yoast-schema-graph\">{\"@context\":\"https:\\\/\\\/schema.org\",\"@graph\":[{\"@type\":\"WebPage\",\"@id\":\"https:\\\/\\\/eukenisoto.eu\\\/formulario-de-contacto\\\/\",\"url\":\"https:\\\/\\\/eukenisoto.eu\\\/formulario-de-contacto\\\/\",\"name\":\"Formulario de contacto - Eukeni Soto Gu\u00eda de alta monta\u00f1a UIAGM\",\"isPartOf\":{\"@id\":\"https:\\\/\\\/eukenisoto.eu\\\/#website\"},\"primaryImageOfPage\":{\"@id\":\"https:\\\/\\\/eukenisoto.eu\\\/formulario-de-contacto\\\/#primaryimage\"},\"image\":{\"@id\":\"https:\\\/\\\/eukenisoto.eu\\\/formulario-de-contacto\\\/#primaryimage\"},\"thumbnailUrl\":\"https:\\\/\\\/darkviolet-koala-232936.hostingersite.com\\\/wp-content\\\/plugins\\\/wpforms-lite\\\/assets\\\/images\\\/submit-spin.svg\",\"datePublished\":\"2024-01-31T09:10:55+00:00\",\"dateModified\":\"2026-02-10T17:59:04+00:00\",\"breadcrumb\":{\"@id\":\"https:\\\/\\\/eukenisoto.eu\\\/formulario-de-contacto\\\/#breadcrumb\"},\"inLanguage\":\"en-GB\",\"potentialAction\":[{\"@type\":\"ReadAction\",\"target\":[\"https:\\\/\\\/eukenisoto.eu\\\/formulario-de-contacto\\\/\"]}]},{\"@type\":\"ImageObject\",\"inLanguage\":\"en-GB\",\"@id\":\"https:\\\/\\\/eukenisoto.eu\\\/formulario-de-contacto\\\/#primaryimage\",\"url\":\"https:\\\/\\\/darkviolet-koala-232936.hostingersite.com\\\/wp-content\\\/plugins\\\/wpforms-lite\\\/assets\\\/images\\\/submit-spin.svg\",\"contentUrl\":\"https:\\\/\\\/darkviolet-koala-232936.hostingersite.com\\\/wp-content\\\/plugins\\\/wpforms-lite\\\/assets\\\/images\\\/submit-spin.svg\"},{\"@type\":\"BreadcrumbList\",\"@id\":\"https:\\\/\\\/eukenisoto.eu\\\/formulario-de-contacto\\\/#breadcrumb\",\"itemListElement\":[{\"@type\":\"ListItem\",\"position\":1,\"name\":\"Portada\",\"item\":\"https:\\\/\\\/eukenisoto.eu\\\/\"},{\"@type\":\"ListItem\",\"position\":2,\"name\":\"Formulario de contacto\"}]},{\"@type\":\"WebSite\",\"@id\":\"https:\\\/\\\/eukenisoto.eu\\\/#website\",\"url\":\"https:\\\/\\\/eukenisoto.eu\\\/\",\"name\":\"Eukeni Soto gu\u00eda de monta\u00f1a\",\"description\":\"Gu\u00eda de Alta Monta\u00f1a\",\"publisher\":{\"@id\":\"https:\\\/\\\/eukenisoto.eu\\\/#\\\/schema\\\/person\\\/080c1d9dcd25555f6161c16c7add85e5\"},\"potentialAction\":[{\"@type\":\"SearchAction\",\"target\":{\"@type\":\"EntryPoint\",\"urlTemplate\":\"https:\\\/\\\/eukenisoto.eu\\\/?s={search_term_string}\"},\"query-input\":{\"@type\":\"PropertyValueSpecification\",\"valueRequired\":true,\"valueName\":\"search_term_string\"}}],\"inLanguage\":\"en-GB\"},{\"@type\":[\"Person\",\"Organization\"],\"@id\":\"https:\\\/\\\/eukenisoto.eu\\\/#\\\/schema\\\/person\\\/080c1d9dcd25555f6161c16c7add85e5\",\"name\":\"eukeni\",\"image\":{\"@type\":\"ImageObject\",\"inLanguage\":\"en-GB\",\"@id\":\"https:\\\/\\\/eukenisoto.eu\\\/wp-content\\\/uploads\\\/2024\\\/01\\\/cropped-5.logo_blanco_horizontal.png\",\"url\":\"https:\\\/\\\/eukenisoto.eu\\\/wp-content\\\/uploads\\\/2024\\\/01\\\/cropped-5.logo_blanco_horizontal.png\",\"contentUrl\":\"https:\\\/\\\/eukenisoto.eu\\\/wp-content\\\/uploads\\\/2024\\\/01\\\/cropped-5.logo_blanco_horizontal.png\",\"width\":1000,\"height\":273,\"caption\":\"eukeni\"},\"logo\":{\"@id\":\"https:\\\/\\\/eukenisoto.eu\\\/wp-content\\\/uploads\\\/2024\\\/01\\\/cropped-5.logo_blanco_horizontal.png\"},\"description\":\"Guia de Alta Monta\u00f1a desde 2012. Apasionado y amante de la monta\u00f1a y de la naturaleza.\",\"sameAs\":[\"https:\\\/\\\/darkviolet-koala-232936.hostingersite.com\",\"https:\\\/\\\/www.facebook.com\\\/eukenisotogam\\\/\",\"https:\\\/\\\/www.instagram.com\\\/eukenisoto_guiamontana\\\/\",\"https:\\\/\\\/x.com\\\/eukenisoto\"]}]}<\/script>\n<!-- \/ Yoast SEO plugin. -->","yoast_head_json":{"title":"Formulario de contacto - Eukeni Soto Gu\u00eda de alta monta\u00f1a UIAGM","robots":{"index":"index","follow":"follow","max-snippet":"max-snippet:-1","max-image-preview":"max-image-preview:large","max-video-preview":"max-video-preview:-1"},"canonical":"https:\/\/eukenisoto.eu\/en\/formulario-de-contacto\/","og_locale":"en_GB","og_type":"article","og_title":"Formulario de contacto - Eukeni Soto Gu\u00eda de alta monta\u00f1a UIAGM","og_description":"Por favor, activa JavaScript en tu navegador para completar este formulario.Por favor, activa JavaScript en tu navegador para completar este formulario.Nombre de contacto *Correo electr\u00f3nico *Asunto *CursoSalida guiadaAlpesConsulta otra actividadComentarios acerca del sitioOtroComentario o mensajeAcuerdo RGPD * Doy mi consentimiento para que esta web almacene la informaci\u00f3n que env\u00edo para que puedan responder a mi [&hellip;]","og_url":"https:\/\/eukenisoto.eu\/en\/formulario-de-contacto\/","og_site_name":"Eukeni Soto Gu\u00eda de alta monta\u00f1a UIAGM","article_publisher":"https:\/\/www.facebook.com\/eukenisotogam\/","article_modified_time":"2026-02-10T17:59:04+00:00","og_image":[{"url":"https:\/\/darkviolet-koala-232936.hostingersite.com\/wp-content\/plugins\/wpforms-lite\/assets\/images\/submit-spin.svg","type":"","width":"","height":""}],"twitter_card":"summary_large_image","twitter_site":"@eukenisoto","twitter_misc":{"Estimated reading time":"1 minute"},"schema":{"@context":"https:\/\/schema.org","@graph":[{"@type":"WebPage","@id":"https:\/\/eukenisoto.eu\/formulario-de-contacto\/","url":"https:\/\/eukenisoto.eu\/formulario-de-contacto\/","name":"Formulario de contacto - Eukeni Soto Gu\u00eda de alta monta\u00f1a UIAGM","isPartOf":{"@id":"https:\/\/eukenisoto.eu\/#website"},"primaryImageOfPage":{"@id":"https:\/\/eukenisoto.eu\/formulario-de-contacto\/#primaryimage"},"image":{"@id":"https:\/\/eukenisoto.eu\/formulario-de-contacto\/#primaryimage"},"thumbnailUrl":"https:\/\/darkviolet-koala-232936.hostingersite.com\/wp-content\/plugins\/wpforms-lite\/assets\/images\/submit-spin.svg","datePublished":"2024-01-31T09:10:55+00:00","dateModified":"2026-02-10T17:59:04+00:00","breadcrumb":{"@id":"https:\/\/eukenisoto.eu\/formulario-de-contacto\/#breadcrumb"},"inLanguage":"en-GB","potentialAction":[{"@type":"ReadAction","target":["https:\/\/eukenisoto.eu\/formulario-de-contacto\/"]}]},{"@type":"ImageObject","inLanguage":"en-GB","@id":"https:\/\/eukenisoto.eu\/formulario-de-contacto\/#primaryimage","url":"https:\/\/darkviolet-koala-232936.hostingersite.com\/wp-content\/plugins\/wpforms-lite\/assets\/images\/submit-spin.svg","contentUrl":"https:\/\/darkviolet-koala-232936.hostingersite.com\/wp-content\/plugins\/wpforms-lite\/assets\/images\/submit-spin.svg"},{"@type":"BreadcrumbList","@id":"https:\/\/eukenisoto.eu\/formulario-de-contacto\/#breadcrumb","itemListElement":[{"@type":"ListItem","position":1,"name":"Portada","item":"https:\/\/eukenisoto.eu\/"},{"@type":"ListItem","position":2,"name":"Formulario de contacto"}]},{"@type":"WebSite","@id":"https:\/\/eukenisoto.eu\/#website","url":"https:\/\/eukenisoto.eu\/","name":"Eukeni Soto gu\u00eda de monta\u00f1a","description":"Gu\u00eda de Alta Monta\u00f1a","publisher":{"@id":"https:\/\/eukenisoto.eu\/#\/schema\/person\/080c1d9dcd25555f6161c16c7add85e5"},"potentialAction":[{"@type":"SearchAction","target":{"@type":"EntryPoint","urlTemplate":"https:\/\/eukenisoto.eu\/?s={search_term_string}"},"query-input":{"@type":"PropertyValueSpecification","valueRequired":true,"valueName":"search_term_string"}}],"inLanguage":"en-GB"},{"@type":["Person","Organization"],"@id":"https:\/\/eukenisoto.eu\/#\/schema\/person\/080c1d9dcd25555f6161c16c7add85e5","name":"eukeni","image":{"@type":"ImageObject","inLanguage":"en-GB","@id":"https:\/\/eukenisoto.eu\/wp-content\/uploads\/2024\/01\/cropped-5.logo_blanco_horizontal.png","url":"https:\/\/eukenisoto.eu\/wp-content\/uploads\/2024\/01\/cropped-5.logo_blanco_horizontal.png","contentUrl":"https:\/\/eukenisoto.eu\/wp-content\/uploads\/2024\/01\/cropped-5.logo_blanco_horizontal.png","width":1000,"height":273,"caption":"eukeni"},"logo":{"@id":"https:\/\/eukenisoto.eu\/wp-content\/uploads\/2024\/01\/cropped-5.logo_blanco_horizontal.png"},"description":"Guia de Alta Monta\u00f1a desde 2012. Apasionado y amante de la monta\u00f1a y de la naturaleza.","sameAs":["https:\/\/darkviolet-koala-232936.hostingersite.com","https:\/\/www.facebook.com\/eukenisotogam\/","https:\/\/www.instagram.com\/eukenisoto_guiamontana\/","https:\/\/x.com\/eukenisoto"]}]}},"_links":{"self":[{"href":"https:\/\/eukenisoto.eu\/en\/wp-json\/wp\/v2\/pages\/379","targetHints":{"allow":["GET"]}}],"collection":[{"href":"https:\/\/eukenisoto.eu\/en\/wp-json\/wp\/v2\/pages"}],"about":[{"href":"https:\/\/eukenisoto.eu\/en\/wp-json\/wp\/v2\/types\/page"}],"author":[{"embeddable":true,"href":"https:\/\/eukenisoto.eu\/en\/wp-json\/wp\/v2\/users\/1"}],"replies":[{"embeddable":true,"href":"https:\/\/eukenisoto.eu\/en\/wp-json\/wp\/v2\/comments?post=379"}],"version-history":[{"count":18,"href":"https:\/\/eukenisoto.eu\/en\/wp-json\/wp\/v2\/pages\/379\/revisions"}],"predecessor-version":[{"id":5700,"href":"https:\/\/eukenisoto.eu\/en\/wp-json\/wp\/v2\/pages\/379\/revisions\/5700"}],"wp:attachment":[{"href":"https:\/\/eukenisoto.eu\/en\/wp-json\/wp\/v2\/media?parent=379"}],"curies":[{"name":"wp","href":"https:\/\/api.w.org\/{rel}","templated":true}]}}