{"id":169,"date":"2024-01-24T19:22:03","date_gmt":"2024-01-24T18:22:03","guid":{"rendered":"https:\/\/darkviolet-koala-232936.hostingersite.com\/?page_id=169"},"modified":"2026-02-10T18:53:13","modified_gmt":"2026-02-10T17:53:13","slug":"contacto","status":"publish","type":"page","link":"https:\/\/eukenisoto.eu\/en\/contacto\/","title":{"rendered":"Contacto"},"content":{"rendered":"\t\t<div data-elementor-type=\"wp-page\" data-elementor-id=\"169\" class=\"elementor elementor-169\" data-elementor-post-type=\"page\">\n\t\t\t\t<div class=\"elementor-element elementor-element-7024a19 e-flex e-con-boxed e-con e-parent\" data-id=\"7024a19\" data-element_type=\"container\" data-e-type=\"container\" data-settings=\"{&quot;background_background&quot;:&quot;classic&quot;}\">\n\t\t\t\t\t<div class=\"e-con-inner\">\n\t\t\t\t<div class=\"elementor-element elementor-element-f9d1660 elementor-widget elementor-widget-heading\" data-id=\"f9d1660\" data-element_type=\"widget\" data-e-type=\"widget\" data-widget_type=\"heading.default\">\n\t\t\t\t<div class=\"elementor-widget-container\">\n\t\t\t\t\t<h1 class=\"elementor-heading-title elementor-size-default\">Contacto<\/h1>\t\t\t\t<\/div>\n\t\t\t\t<\/div>\n\t\t\t\t\t<\/div>\n\t\t\t\t<\/div>\n\t\t<div class=\"elementor-element elementor-element-f7a6b06 e-con-full e-flex e-con e-parent\" data-id=\"f7a6b06\" data-element_type=\"container\" data-e-type=\"container\">\n\t\t<div class=\"elementor-element elementor-element-76fcee6 e-con-full e-flex e-con e-child\" data-id=\"76fcee6\" data-element_type=\"container\" data-e-type=\"container\" data-settings=\"{&quot;background_background&quot;:&quot;classic&quot;}\">\n\t\t\t\t<\/div>\n\t\t<div class=\"elementor-element elementor-element-3b5dcdb e-con-full e-flex e-con e-child\" data-id=\"3b5dcdb\" data-element_type=\"container\" data-e-type=\"container\" data-settings=\"{&quot;background_background&quot;:&quot;classic&quot;}\">\n\t\t\t\t<div class=\"elementor-element elementor-element-bc13b03 elementor-widget elementor-widget-text-editor\" data-id=\"bc13b03\" data-element_type=\"widget\" data-e-type=\"widget\" data-widget_type=\"text-editor.default\">\n\t\t\t\t<div class=\"elementor-widget-container\">\n\t\t\t\t\t\t\t\t\t<p>Soy Eukeni Soto y estar\u00e9 encantado de contestar tus dudas sobre mis servicios.<\/p>\t\t\t\t\t\t\t\t<\/div>\n\t\t\t\t<\/div>\n\t\t\t\t<div class=\"elementor-element elementor-element-9779721 elementor-icon-list--layout-traditional elementor-list-item-link-full_width elementor-widget elementor-widget-icon-list\" data-id=\"9779721\" data-element_type=\"widget\" data-e-type=\"widget\" data-widget_type=\"icon-list.default\">\n\t\t\t\t<div class=\"elementor-widget-container\">\n\t\t\t\t\t\t\t<ul class=\"elementor-icon-list-items\">\n\t\t\t\t\t\t\t<li class=\"elementor-icon-list-item\">\n\t\t\t\t\t\t\t\t\t\t\t<a href=\"tel:+34655745765\">\n\n\t\t\t\t\t\t\t\t\t\t\t\t<span class=\"elementor-icon-list-icon\">\n\t\t\t\t\t\t\t<svg aria-hidden=\"true\" class=\"e-font-icon-svg e-fas-phone-alt\" viewBox=\"0 0 512 512\" xmlns=\"http:\/\/www.w3.org\/2000\/svg\"><path d=\"M497.39 361.8l-112-48a24 24 0 0 0-28 6.9l-49.6 60.6A370.66 370.66 0 0 1 130.6 204.11l60.6-49.6a23.94 23.94 0 0 0 6.9-28l-48-112A24.16 24.16 0 0 0 122.6.61l-104 24A24 24 0 0 0 0 48c0 256.5 207.9 464 464 464a24 24 0 0 0 23.4-18.6l24-104a24.29 24.29 0 0 0-14.01-27.6z\"><\/path><\/svg>\t\t\t\t\t\t<\/span>\n\t\t\t\t\t\t\t\t\t\t<span class=\"elementor-icon-list-text\">0034 655745765<\/span>\n\t\t\t\t\t\t\t\t\t\t\t<\/a>\n\t\t\t\t\t\t\t\t\t<\/li>\n\t\t\t\t\t\t\t\t<li class=\"elementor-icon-list-item\">\n\t\t\t\t\t\t\t\t\t\t\t<a href=\"mailto:eukenisoto@gmail.com\">\n\n\t\t\t\t\t\t\t\t\t\t\t\t<span class=\"elementor-icon-list-icon\">\n\t\t\t\t\t\t\t<svg aria-hidden=\"true\" class=\"e-font-icon-svg e-fas-envelope\" viewBox=\"0 0 512 512\" xmlns=\"http:\/\/www.w3.org\/2000\/svg\"><path d=\"M502.3 190.8c3.9-3.1 9.7-.2 9.7 4.7V400c0 26.5-21.5 48-48 48H48c-26.5 0-48-21.5-48-48V195.6c0-5 5.7-7.8 9.7-4.7 22.4 17.4 52.1 39.5 154.1 113.6 21.1 15.4 56.7 47.8 92.2 47.6 35.7.3 72-32.8 92.3-47.6 102-74.1 131.6-96.3 154-113.7zM256 320c23.2.4 56.6-29.2 73.4-41.4 132.7-96.3 142.8-104.7 173.4-128.7 5.8-4.5 9.2-11.5 9.2-18.9v-19c0-26.5-21.5-48-48-48H48C21.5 64 0 85.5 0 112v19c0 7.4 3.4 14.3 9.2 18.9 30.6 23.9 40.7 32.4 173.4 128.7 16.8 12.2 50.2 41.8 73.4 41.4z\"><\/path><\/svg>\t\t\t\t\t\t<\/span>\n\t\t\t\t\t\t\t\t\t\t<span class=\"elementor-icon-list-text\">eukenisoto@gmail.com<\/span>\n\t\t\t\t\t\t\t\t\t\t\t<\/a>\n\t\t\t\t\t\t\t\t\t<\/li>\n\t\t\t\t\t\t\t\t<li class=\"elementor-icon-list-item\">\n\t\t\t\t\t\t\t\t\t\t\t<a href=\"https:\/\/eukenisoto.eu\/en\">\n\n\t\t\t\t\t\t\t\t\t\t\t\t<span class=\"elementor-icon-list-icon\">\n\t\t\t\t\t\t\t<svg aria-hidden=\"true\" class=\"e-font-icon-svg e-fab-chrome\" viewBox=\"0 0 496 512\" xmlns=\"http:\/\/www.w3.org\/2000\/svg\"><path d=\"M131.5 217.5L55.1 100.1c47.6-59.2 119-91.8 192-92.1 42.3-.3 85.5 10.5 124.8 33.2 43.4 25.2 76.4 61.4 97.4 103L264 133.4c-58.1-3.4-113.4 29.3-132.5 84.1zm32.9 38.5c0 46.2 37.4 83.6 83.6 83.6s83.6-37.4 83.6-83.6-37.4-83.6-83.6-83.6-83.6 37.3-83.6 83.6zm314.9-89.2L339.6 174c37.9 44.3 38.5 108.2 6.6 157.2L234.1 503.6c46.5 2.5 94.4-7.7 137.8-32.9 107.4-62 150.9-192 107.4-303.9zM133.7 303.6L40.4 120.1C14.9 159.1 0 205.9 0 256c0 124 90.8 226.7 209.5 244.9l63.7-124.8c-57.6 10.8-113.2-20.8-139.5-72.5z\"><\/path><\/svg>\t\t\t\t\t\t<\/span>\n\t\t\t\t\t\t\t\t\t\t<span class=\"elementor-icon-list-text\">www.eukenisoto.eu<\/span>\n\t\t\t\t\t\t\t\t\t\t\t<\/a>\n\t\t\t\t\t\t\t\t\t<\/li>\n\t\t\t\t\t\t<\/ul>\n\t\t\t\t\t\t<\/div>\n\t\t\t\t<\/div>\n\t\t\t\t<\/div>\n\t\t\t\t<\/div>\n\t\t<div class=\"elementor-element elementor-element-9a5ce8f e-flex e-con-boxed e-con e-parent\" data-id=\"9a5ce8f\" data-element_type=\"container\" data-e-type=\"container\">\n\t\t\t\t\t<div class=\"e-con-inner\">\n\t\t<div class=\"elementor-element elementor-element-7720c5f e-con-full e-flex e-con e-child\" data-id=\"7720c5f\" data-element_type=\"container\" data-e-type=\"container\" data-settings=\"{&quot;background_background&quot;:&quot;classic&quot;}\">\n\t\t\t\t<div class=\"elementor-element elementor-element-7dbdf28 elementor-widget elementor-widget-text-editor\" data-id=\"7dbdf28\" data-element_type=\"widget\" data-e-type=\"widget\" data-widget_type=\"text-editor.default\">\n\t\t\t\t<div class=\"elementor-widget-container\">\n\t\t\t\t\t\t\t\t\t<p><b>Solicita tu servicio o haz una consulta:<\/b><\/p>\n<p>Env\u00eda tu solicitud de servicio, feedback, dudas o cualquier otro asunto a trav\u00e9s del siguiente formulario.<\/p>\t\t\t\t\t\t\t\t<\/div>\n\t\t\t\t<\/div>\n\t\t\t\t<div class=\"elementor-element elementor-element-335b313 elementor-widget elementor-widget-wpforms\" data-id=\"335b313\" data-element_type=\"widget\" data-e-type=\"widget\" data-widget_type=\"wpforms.default\">\n\t\t\t\t<div class=\"elementor-widget-container\">\n\t\t\t\t\t<div class=\"wpforms-container wpforms-container-full wpforms-render-modern\" id=\"wpforms-203\"><form id=\"wpforms-form-203\" class=\"wpforms-validate wpforms-form wpforms-ajax-form\" data-formid=\"203\" method=\"post\" enctype=\"multipart\/form-data\" action=\"\/en\/wp-json\/wp\/v2\/pages\/169\" data-token=\"acf2a23fb59bd69aadfab18c989504a3\" data-token-time=\"1776308825\"><noscript class=\"wpforms-error-noscript\">Please enable JavaScript in your browser to complete this form.<\/noscript><div id=\"wpforms-error-noscript\" style=\"display: none;\">Please enable JavaScript in your browser to complete this form.<\/div><div class=\"wpforms-field-container\"><div id=\"wpforms-203-field_4-container\" class=\"wpforms-field wpforms-field-text\" data-field-id=\"4\"><label class=\"wpforms-field-label\" for=\"wpforms-203-field_4\">Nombre de contacto <span class=\"wpforms-required-label\" aria-hidden=\"true\">*<\/span><\/label><input type=\"text\" id=\"wpforms-203-field_4\" class=\"wpforms-field-medium wpforms-field-required\" name=\"wpforms[fields][4]\" aria-errormessage=\"wpforms-203-field_4-error\" required><\/div><div id=\"wpforms-203-field_1-container\" class=\"wpforms-field wpforms-field-email\" data-field-id=\"1\"><label class=\"wpforms-field-label\" for=\"wpforms-203-field_1\">Correo electr\u00f3nico <span class=\"wpforms-required-label\" aria-hidden=\"true\">*<\/span><\/label><input type=\"email\" id=\"wpforms-203-field_1\" class=\"wpforms-field-medium wpforms-field-required\" name=\"wpforms[fields][1]\" spellcheck=\"false\" aria-errormessage=\"wpforms-203-field_1-error\" required><\/div><div id=\"wpforms-203-field_6-container\" class=\"wpforms-field wpforms-field-select wpforms-field-select-style-classic\" data-field-id=\"6\"><label class=\"wpforms-field-label\" for=\"wpforms-203-field_6\">Asunto <span class=\"wpforms-required-label\" aria-hidden=\"true\">*<\/span><\/label><select id=\"wpforms-203-field_6\" class=\"wpforms-field-medium wpforms-field-required\" name=\"wpforms[fields][6]\" required=\"required\"><option value=\"Curso\"  selected='selected' class=\"choice-1 depth-1\"  >Curso<\/option><option value=\"Salida guiada\"  class=\"choice-2 depth-1\"  >Salida guiada<\/option><option value=\"Alpes\"  class=\"choice-7 depth-1\"  >Alpes<\/option><option value=\"Consulta otra actividad\"  class=\"choice-5 depth-1\"  >Consulta otra actividad<\/option><option value=\"Comentarios acerca del sitio\"  class=\"choice-4 depth-1\"  >Comentarios acerca del sitio<\/option><option value=\"Otro\"  class=\"choice-6 depth-1\"  >Otro<\/option><\/select><\/div><div id=\"wpforms-203-field_2-container\" class=\"wpforms-field wpforms-field-textarea\" data-field-id=\"2\"><label class=\"wpforms-field-label\" for=\"wpforms-203-field_2\">Comentario o mensaje<\/label><textarea id=\"wpforms-203-field_2\" class=\"wpforms-field-medium\" name=\"wpforms[fields][2]\" aria-errormessage=\"wpforms-203-field_2-error\" ><\/textarea><\/div><div id=\"wpforms-203-field_7-container\" class=\"wpforms-field wpforms-field-gdpr-checkbox\" data-field-id=\"7\"><label class=\"wpforms-field-label\">Acuerdo RGPD <span class=\"wpforms-required-label\" aria-hidden=\"true\">*<\/span><\/label><ul id=\"wpforms-203-field_7\" class=\"wpforms-field-required\"><li class=\"choice-1\"><input type=\"checkbox\" id=\"wpforms-203-field_7_1\" name=\"wpforms[fields][7][]\" value=\"Doy mi consentimiento para que esta web almacene la informaci\u00f3n que env\u00edo para que puedan responder a mi petici\u00f3n.\" aria-errormessage=\"wpforms-203-field_7_1-error\" required ><label class=\"wpforms-field-label-inline\" for=\"wpforms-203-field_7_1\">Doy mi consentimiento para que esta web almacene la informaci\u00f3n que env\u00edo para que puedan responder a mi petici\u00f3n.<\/label><\/li><\/ul><\/div><\/div><!-- .wpforms-field-container --><div class=\"wpforms-submit-container\" ><input type=\"hidden\" name=\"wpforms[id]\" value=\"203\"><input type=\"hidden\" name=\"page_title\" value=\"\"><input type=\"hidden\" name=\"page_url\" value=\"https:\/\/eukenisoto.eu\/en\/wp-json\/wp\/v2\/pages\/169\"><input type=\"hidden\" name=\"url_referer\" value=\"\"><button type=\"submit\" name=\"wpforms[submit]\" id=\"wpforms-submit-203\" class=\"wpforms-submit\" data-alt-text=\"Enviando...\" data-submit-text=\"Enviar\" aria-live=\"assertive\" value=\"wpforms-submit\">Enviar<\/button><img decoding=\"async\" src=\"https:\/\/eukenisoto.eu\/wp-content\/plugins\/wpforms-lite\/assets\/images\/submit-spin.svg\" class=\"wpforms-submit-spinner\" style=\"display: none;\" width=\"26\" height=\"26\" alt=\"Loading\"><\/div><\/form><\/div>  <!-- .wpforms-container -->\t\t\t\t<\/div>\n\t\t\t\t<\/div>\n\t\t\t\t<\/div>\n\t\t\t\t\t<\/div>\n\t\t\t\t<\/div>\n\t\t\t\t<\/div>\n\t\t","protected":false},"excerpt":{"rendered":"<p>Contacto Soy Eukeni Soto y estar\u00e9 encantado de contestar tus dudas sobre mis servicios. 0034 655745765 eukenisoto@gmail.com www.eukenisoto.eu Solicita tu servicio o haz una consulta: Env\u00eda tu solicitud de servicio, feedback, dudas o cualquier otro asunto a trav\u00e9s del siguiente formulario. Por favor, activa JavaScript en tu navegador para completar este formulario.Por favor, activa JavaScript [&hellip;]<\/p>\n","protected":false},"author":1,"featured_media":0,"parent":0,"menu_order":0,"comment_status":"closed","ping_status":"closed","template":"elementor_header_footer","meta":{"inline_featured_image":false,"footnotes":""},"class_list":["post-169","page","type-page","status-publish","hentry"],"yoast_head":"<!-- This site is optimized with the Yoast SEO plugin v27.4 - https:\/\/yoast.com\/product\/yoast-seo-wordpress\/ -->\n<title>Contacto - Eukeni Soto Gu\u00eda de alta monta\u00f1a UIAGM<\/title>\n<meta name=\"description\" content=\"Contacto a Eukeni Soto gu\u00eda de alta monta\u00f1a UIAGM, actividades guiadas y cursos de escalada en roca, escalada en hielo, alpinismo y esqui\" \/>\n<meta name=\"robots\" content=\"index, follow, max-snippet:-1, max-image-preview:large, max-video-preview:-1\" \/>\n<link rel=\"canonical\" href=\"https:\/\/eukenisoto.eu\/en\/contacto\/\" \/>\n<meta property=\"og:locale\" content=\"en_GB\" \/>\n<meta property=\"og:type\" content=\"article\" \/>\n<meta property=\"og:title\" content=\"Contacto - Eukeni Soto Gu\u00eda de alta monta\u00f1a UIAGM\" \/>\n<meta property=\"og:description\" content=\"Contacto a Eukeni Soto gu\u00eda de alta monta\u00f1a UIAGM, actividades guiadas y cursos de escalada en roca, escalada en hielo, alpinismo y esqui\" \/>\n<meta property=\"og:url\" content=\"https:\/\/eukenisoto.eu\/en\/contacto\/\" \/>\n<meta property=\"og:site_name\" content=\"Eukeni Soto Gu\u00eda de alta monta\u00f1a UIAGM\" \/>\n<meta property=\"article:publisher\" content=\"https:\/\/www.facebook.com\/eukenisotogam\/\" \/>\n<meta property=\"article:modified_time\" content=\"2026-02-10T17:53:13+00:00\" \/>\n<meta property=\"og:image\" content=\"https:\/\/darkviolet-koala-232936.hostingersite.com\/wp-content\/plugins\/wpforms-lite\/assets\/images\/submit-spin.svg\" \/>\n<meta name=\"twitter:card\" content=\"summary_large_image\" \/>\n<meta name=\"twitter:site\" content=\"@eukenisoto\" \/>\n<meta name=\"twitter:label1\" content=\"Estimated reading time\" \/>\n\t<meta name=\"twitter:data1\" content=\"1 minute\" \/>\n<script type=\"application\/ld+json\" class=\"yoast-schema-graph\">{\"@context\":\"https:\\\/\\\/schema.org\",\"@graph\":[{\"@type\":\"WebPage\",\"@id\":\"https:\\\/\\\/eukenisoto.eu\\\/en\\\/contacto\\\/\",\"url\":\"https:\\\/\\\/eukenisoto.eu\\\/en\\\/contacto\\\/\",\"name\":\"Contacto - Eukeni Soto Gu\u00eda de alta monta\u00f1a UIAGM\",\"isPartOf\":{\"@id\":\"https:\\\/\\\/eukenisoto.eu\\\/#website\"},\"primaryImageOfPage\":{\"@id\":\"https:\\\/\\\/eukenisoto.eu\\\/en\\\/contacto\\\/#primaryimage\"},\"image\":{\"@id\":\"https:\\\/\\\/eukenisoto.eu\\\/en\\\/contacto\\\/#primaryimage\"},\"thumbnailUrl\":\"https:\\\/\\\/darkviolet-koala-232936.hostingersite.com\\\/wp-content\\\/plugins\\\/wpforms-lite\\\/assets\\\/images\\\/submit-spin.svg\",\"datePublished\":\"2024-01-24T18:22:03+00:00\",\"dateModified\":\"2026-02-10T17:53:13+00:00\",\"description\":\"Contacto a Eukeni Soto gu\u00eda de alta monta\u00f1a UIAGM, actividades guiadas y cursos de escalada en roca, escalada en hielo, alpinismo y esqui\",\"breadcrumb\":{\"@id\":\"https:\\\/\\\/eukenisoto.eu\\\/en\\\/contacto\\\/#breadcrumb\"},\"inLanguage\":\"en-GB\",\"potentialAction\":[{\"@type\":\"ReadAction\",\"target\":[\"https:\\\/\\\/eukenisoto.eu\\\/en\\\/contacto\\\/\"]}]},{\"@type\":\"ImageObject\",\"inLanguage\":\"en-GB\",\"@id\":\"https:\\\/\\\/eukenisoto.eu\\\/en\\\/contacto\\\/#primaryimage\",\"url\":\"https:\\\/\\\/darkviolet-koala-232936.hostingersite.com\\\/wp-content\\\/plugins\\\/wpforms-lite\\\/assets\\\/images\\\/submit-spin.svg\",\"contentUrl\":\"https:\\\/\\\/darkviolet-koala-232936.hostingersite.com\\\/wp-content\\\/plugins\\\/wpforms-lite\\\/assets\\\/images\\\/submit-spin.svg\"},{\"@type\":\"BreadcrumbList\",\"@id\":\"https:\\\/\\\/eukenisoto.eu\\\/en\\\/contacto\\\/#breadcrumb\",\"itemListElement\":[{\"@type\":\"ListItem\",\"position\":1,\"name\":\"Portada\",\"item\":\"https:\\\/\\\/eukenisoto.eu\\\/\"},{\"@type\":\"ListItem\",\"position\":2,\"name\":\"Contacto\"}]},{\"@type\":\"WebSite\",\"@id\":\"https:\\\/\\\/eukenisoto.eu\\\/#website\",\"url\":\"https:\\\/\\\/eukenisoto.eu\\\/\",\"name\":\"Eukeni Soto gu\u00eda de monta\u00f1a\",\"description\":\"Gu\u00eda de Alta Monta\u00f1a\",\"publisher\":{\"@id\":\"https:\\\/\\\/eukenisoto.eu\\\/#\\\/schema\\\/person\\\/080c1d9dcd25555f6161c16c7add85e5\"},\"potentialAction\":[{\"@type\":\"SearchAction\",\"target\":{\"@type\":\"EntryPoint\",\"urlTemplate\":\"https:\\\/\\\/eukenisoto.eu\\\/?s={search_term_string}\"},\"query-input\":{\"@type\":\"PropertyValueSpecification\",\"valueRequired\":true,\"valueName\":\"search_term_string\"}}],\"inLanguage\":\"en-GB\"},{\"@type\":[\"Person\",\"Organization\"],\"@id\":\"https:\\\/\\\/eukenisoto.eu\\\/#\\\/schema\\\/person\\\/080c1d9dcd25555f6161c16c7add85e5\",\"name\":\"eukeni\",\"image\":{\"@type\":\"ImageObject\",\"inLanguage\":\"en-GB\",\"@id\":\"https:\\\/\\\/eukenisoto.eu\\\/wp-content\\\/uploads\\\/2024\\\/01\\\/cropped-5.logo_blanco_horizontal.png\",\"url\":\"https:\\\/\\\/eukenisoto.eu\\\/wp-content\\\/uploads\\\/2024\\\/01\\\/cropped-5.logo_blanco_horizontal.png\",\"contentUrl\":\"https:\\\/\\\/eukenisoto.eu\\\/wp-content\\\/uploads\\\/2024\\\/01\\\/cropped-5.logo_blanco_horizontal.png\",\"width\":1000,\"height\":273,\"caption\":\"eukeni\"},\"logo\":{\"@id\":\"https:\\\/\\\/eukenisoto.eu\\\/wp-content\\\/uploads\\\/2024\\\/01\\\/cropped-5.logo_blanco_horizontal.png\"},\"description\":\"Guia de Alta Monta\u00f1a desde 2012. Apasionado y amante de la monta\u00f1a y de la naturaleza.\",\"sameAs\":[\"https:\\\/\\\/darkviolet-koala-232936.hostingersite.com\",\"https:\\\/\\\/www.facebook.com\\\/eukenisotogam\\\/\",\"https:\\\/\\\/www.instagram.com\\\/eukenisoto_guiamontana\\\/\",\"https:\\\/\\\/x.com\\\/eukenisoto\"]}]}<\/script>\n<!-- \/ Yoast SEO plugin. -->","yoast_head_json":{"title":"Contacto - Eukeni Soto Gu\u00eda de alta monta\u00f1a UIAGM","description":"Contacto a Eukeni Soto gu\u00eda de alta monta\u00f1a UIAGM, actividades guiadas y cursos de escalada en roca, escalada en hielo, alpinismo y esqui","robots":{"index":"index","follow":"follow","max-snippet":"max-snippet:-1","max-image-preview":"max-image-preview:large","max-video-preview":"max-video-preview:-1"},"canonical":"https:\/\/eukenisoto.eu\/en\/contacto\/","og_locale":"en_GB","og_type":"article","og_title":"Contacto - Eukeni Soto Gu\u00eda de alta monta\u00f1a UIAGM","og_description":"Contacto a Eukeni Soto gu\u00eda de alta monta\u00f1a UIAGM, actividades guiadas y cursos de escalada en roca, escalada en hielo, alpinismo y esqui","og_url":"https:\/\/eukenisoto.eu\/en\/contacto\/","og_site_name":"Eukeni Soto Gu\u00eda de alta monta\u00f1a UIAGM","article_publisher":"https:\/\/www.facebook.com\/eukenisotogam\/","article_modified_time":"2026-02-10T17:53:13+00:00","og_image":[{"url":"https:\/\/darkviolet-koala-232936.hostingersite.com\/wp-content\/plugins\/wpforms-lite\/assets\/images\/submit-spin.svg","type":"","width":"","height":""}],"twitter_card":"summary_large_image","twitter_site":"@eukenisoto","twitter_misc":{"Estimated reading time":"1 minute"},"schema":{"@context":"https:\/\/schema.org","@graph":[{"@type":"WebPage","@id":"https:\/\/eukenisoto.eu\/en\/contacto\/","url":"https:\/\/eukenisoto.eu\/en\/contacto\/","name":"Contacto - Eukeni Soto Gu\u00eda de alta monta\u00f1a UIAGM","isPartOf":{"@id":"https:\/\/eukenisoto.eu\/#website"},"primaryImageOfPage":{"@id":"https:\/\/eukenisoto.eu\/en\/contacto\/#primaryimage"},"image":{"@id":"https:\/\/eukenisoto.eu\/en\/contacto\/#primaryimage"},"thumbnailUrl":"https:\/\/darkviolet-koala-232936.hostingersite.com\/wp-content\/plugins\/wpforms-lite\/assets\/images\/submit-spin.svg","datePublished":"2024-01-24T18:22:03+00:00","dateModified":"2026-02-10T17:53:13+00:00","description":"Contacto a Eukeni Soto gu\u00eda de alta monta\u00f1a UIAGM, actividades guiadas y cursos de escalada en roca, escalada en hielo, alpinismo y esqui","breadcrumb":{"@id":"https:\/\/eukenisoto.eu\/en\/contacto\/#breadcrumb"},"inLanguage":"en-GB","potentialAction":[{"@type":"ReadAction","target":["https:\/\/eukenisoto.eu\/en\/contacto\/"]}]},{"@type":"ImageObject","inLanguage":"en-GB","@id":"https:\/\/eukenisoto.eu\/en\/contacto\/#primaryimage","url":"https:\/\/darkviolet-koala-232936.hostingersite.com\/wp-content\/plugins\/wpforms-lite\/assets\/images\/submit-spin.svg","contentUrl":"https:\/\/darkviolet-koala-232936.hostingersite.com\/wp-content\/plugins\/wpforms-lite\/assets\/images\/submit-spin.svg"},{"@type":"BreadcrumbList","@id":"https:\/\/eukenisoto.eu\/en\/contacto\/#breadcrumb","itemListElement":[{"@type":"ListItem","position":1,"name":"Portada","item":"https:\/\/eukenisoto.eu\/"},{"@type":"ListItem","position":2,"name":"Contacto"}]},{"@type":"WebSite","@id":"https:\/\/eukenisoto.eu\/#website","url":"https:\/\/eukenisoto.eu\/","name":"Eukeni Soto gu\u00eda de monta\u00f1a","description":"Gu\u00eda de Alta Monta\u00f1a","publisher":{"@id":"https:\/\/eukenisoto.eu\/#\/schema\/person\/080c1d9dcd25555f6161c16c7add85e5"},"potentialAction":[{"@type":"SearchAction","target":{"@type":"EntryPoint","urlTemplate":"https:\/\/eukenisoto.eu\/?s={search_term_string}"},"query-input":{"@type":"PropertyValueSpecification","valueRequired":true,"valueName":"search_term_string"}}],"inLanguage":"en-GB"},{"@type":["Person","Organization"],"@id":"https:\/\/eukenisoto.eu\/#\/schema\/person\/080c1d9dcd25555f6161c16c7add85e5","name":"eukeni","image":{"@type":"ImageObject","inLanguage":"en-GB","@id":"https:\/\/eukenisoto.eu\/wp-content\/uploads\/2024\/01\/cropped-5.logo_blanco_horizontal.png","url":"https:\/\/eukenisoto.eu\/wp-content\/uploads\/2024\/01\/cropped-5.logo_blanco_horizontal.png","contentUrl":"https:\/\/eukenisoto.eu\/wp-content\/uploads\/2024\/01\/cropped-5.logo_blanco_horizontal.png","width":1000,"height":273,"caption":"eukeni"},"logo":{"@id":"https:\/\/eukenisoto.eu\/wp-content\/uploads\/2024\/01\/cropped-5.logo_blanco_horizontal.png"},"description":"Guia de Alta Monta\u00f1a desde 2012. Apasionado y amante de la monta\u00f1a y de la naturaleza.","sameAs":["https:\/\/darkviolet-koala-232936.hostingersite.com","https:\/\/www.facebook.com\/eukenisotogam\/","https:\/\/www.instagram.com\/eukenisoto_guiamontana\/","https:\/\/x.com\/eukenisoto"]}]}},"_links":{"self":[{"href":"https:\/\/eukenisoto.eu\/en\/wp-json\/wp\/v2\/pages\/169","targetHints":{"allow":["GET"]}}],"collection":[{"href":"https:\/\/eukenisoto.eu\/en\/wp-json\/wp\/v2\/pages"}],"about":[{"href":"https:\/\/eukenisoto.eu\/en\/wp-json\/wp\/v2\/types\/page"}],"author":[{"embeddable":true,"href":"https:\/\/eukenisoto.eu\/en\/wp-json\/wp\/v2\/users\/1"}],"replies":[{"embeddable":true,"href":"https:\/\/eukenisoto.eu\/en\/wp-json\/wp\/v2\/comments?post=169"}],"version-history":[{"count":20,"href":"https:\/\/eukenisoto.eu\/en\/wp-json\/wp\/v2\/pages\/169\/revisions"}],"predecessor-version":[{"id":5678,"href":"https:\/\/eukenisoto.eu\/en\/wp-json\/wp\/v2\/pages\/169\/revisions\/5678"}],"wp:attachment":[{"href":"https:\/\/eukenisoto.eu\/en\/wp-json\/wp\/v2\/media?parent=169"}],"curies":[{"name":"wp","href":"https:\/\/api.w.org\/{rel}","templated":true}]}}