{"id":1632,"date":"2024-02-16T11:05:10","date_gmt":"2024-02-16T10:05:10","guid":{"rendered":"https:\/\/darkviolet-koala-232936.hostingersite.com\/?page_id=1632"},"modified":"2026-02-10T16:33:58","modified_gmt":"2026-02-10T15:33:58","slug":"actividades_formulario","status":"publish","type":"page","link":"https:\/\/eukenisoto.eu\/en\/actividades_formulario\/","title":{"rendered":"Formulario de actividades"},"content":{"rendered":"\t\t<div data-elementor-type=\"wp-page\" data-elementor-id=\"1632\" class=\"elementor elementor-1632\" data-elementor-post-type=\"page\">\n\t\t\t\t<div class=\"elementor-element elementor-element-9610b0b e-flex e-con-boxed e-con e-parent\" data-id=\"9610b0b\" data-element_type=\"container\" data-e-type=\"container\" data-settings=\"{&quot;background_background&quot;:&quot;classic&quot;}\">\n\t\t\t\t\t<div class=\"e-con-inner\">\n\t\t\t\t<div class=\"elementor-element elementor-element-57628b9 elementor-widget elementor-widget-heading\" data-id=\"57628b9\" data-element_type=\"widget\" data-e-type=\"widget\" data-widget_type=\"heading.default\">\n\t\t\t\t<div class=\"elementor-widget-container\">\n\t\t\t\t\t<h1 class=\"elementor-heading-title elementor-size-default\">Formulario de actividades<\/h1>\t\t\t\t<\/div>\n\t\t\t\t<\/div>\n\t\t\t\t\t<\/div>\n\t\t\t\t<\/div>\n\t\t<div class=\"elementor-element elementor-element-a3cd143 e-flex e-con-boxed e-con e-parent\" data-id=\"a3cd143\" data-element_type=\"container\" data-e-type=\"container\">\n\t\t\t\t\t<div class=\"e-con-inner\">\n\t\t<div class=\"elementor-element elementor-element-1188430 e-con-full e-flex e-con e-child\" data-id=\"1188430\" data-element_type=\"container\" data-e-type=\"container\">\n\t\t<div class=\"elementor-element elementor-element-5ef183e e-con-full e-flex e-con e-child\" data-id=\"5ef183e\" data-element_type=\"container\" data-e-type=\"container\" data-settings=\"{&quot;background_background&quot;:&quot;classic&quot;}\">\n\t\t\t\t<\/div>\n\t\t<div class=\"elementor-element elementor-element-1046cd7 e-con-full e-flex e-con e-child\" data-id=\"1046cd7\" data-element_type=\"container\" data-e-type=\"container\">\n\t\t\t\t<div class=\"elementor-element elementor-element-45580f1 elementor-widget elementor-widget-heading\" data-id=\"45580f1\" data-element_type=\"widget\" data-e-type=\"widget\" data-widget_type=\"heading.default\">\n\t\t\t\t<div class=\"elementor-widget-container\">\n\t\t\t\t\t<h2 class=\"elementor-heading-title elementor-size-default\">Formulario de contacto<\/h2>\t\t\t\t<\/div>\n\t\t\t\t<\/div>\n\t\t\t\t<div class=\"elementor-element elementor-element-686e6ea elementor-widget elementor-widget-heading\" data-id=\"686e6ea\" data-element_type=\"widget\" data-e-type=\"widget\" data-widget_type=\"heading.default\">\n\t\t\t\t<div class=\"elementor-widget-container\">\n\t\t\t\t\t<h2 class=\"elementor-heading-title elementor-size-default\">\u00bfQUIERES REALIZAR UNA ACTIVIDAD O PEDIRME M\u00c1S INFORMACI\u00d3N?<\/h2>\t\t\t\t<\/div>\n\t\t\t\t<\/div>\n\t\t\t\t<div class=\"elementor-element elementor-element-9d2abb2 elementor-widget elementor-widget-text-editor\" data-id=\"9d2abb2\" data-element_type=\"widget\" data-e-type=\"widget\" data-widget_type=\"text-editor.default\">\n\t\t\t\t<div class=\"elementor-widget-container\">\n\t\t\t\t\t\t\t\t\t<p>Escr\u00edbeme para reservar la actividad o pedirme m\u00e1s informaci\u00f3n. Tamb\u00eden lo puedes hacer envi\u00e1ndome un email o por tel\u00e9fono.<\/p>\t\t\t\t\t\t\t\t<\/div>\n\t\t\t\t<\/div>\n\t\t\t\t<div class=\"elementor-element elementor-element-ce6a465 elementor-widget elementor-widget-wpforms\" data-id=\"ce6a465\" data-element_type=\"widget\" data-e-type=\"widget\" data-widget_type=\"wpforms.default\">\n\t\t\t\t<div class=\"elementor-widget-container\">\n\t\t\t\t\t<div class=\"wpforms-container wpforms-container-full wpforms-render-modern\" id=\"wpforms-1637\"><form id=\"wpforms-form-1637\" class=\"wpforms-validate wpforms-form wpforms-ajax-form\" data-formid=\"1637\" method=\"post\" enctype=\"multipart\/form-data\" action=\"\/en\/wp-json\/wp\/v2\/pages\/1632\" data-token=\"f1ed88ecccd7786a38341913a5dd0779\" data-token-time=\"1776675241\"><noscript class=\"wpforms-error-noscript\">Please enable JavaScript in your browser to complete this form.<\/noscript><div id=\"wpforms-error-noscript\" style=\"display: none;\">Please enable JavaScript in your browser to complete this form.<\/div><div class=\"wpforms-field-container\"><div id=\"wpforms-1637-field_0-container\" class=\"wpforms-field wpforms-field-name\" data-field-id=\"0\"><fieldset><legend class=\"wpforms-field-label wpforms-label-hide\" aria-hidden=\"false\"> <span class=\"wpforms-required-label\" aria-hidden=\"true\">*<\/span><\/legend><div class=\"wpforms-field-row wpforms-field-medium\"><div class=\"wpforms-field-row-block wpforms-first wpforms-one-half\"><input type=\"text\" id=\"wpforms-1637-field_0\" class=\"wpforms-field-name-first wpforms-field-required\" name=\"wpforms[fields][0][first]\" placeholder=\"Nombre\" aria-errormessage=\"wpforms-1637-field_0-error\" required><label for=\"wpforms-1637-field_0\" class=\"wpforms-field-sublabel after wpforms-sublabel-hide\">First<\/label><\/div><div class=\"wpforms-field-row-block wpforms-one-half\"><input type=\"text\" id=\"wpforms-1637-field_0-last\" class=\"wpforms-field-name-last wpforms-field-required\" name=\"wpforms[fields][0][last]\" placeholder=\"Apellidos\" aria-errormessage=\"wpforms-1637-field_0-last-error\" required><label for=\"wpforms-1637-field_0-last\" class=\"wpforms-field-sublabel after wpforms-sublabel-hide\">Last<\/label><\/div><\/div><\/fieldset><\/div><div id=\"wpforms-1637-field_1-container\" class=\"wpforms-field wpforms-field-email\" data-field-id=\"1\"><input type=\"email\" id=\"wpforms-1637-field_1\" class=\"wpforms-field-medium wpforms-field-required\" name=\"wpforms[fields][1]\" placeholder=\"Correo electr\u00f3nico\" spellcheck=\"false\" aria-errormessage=\"wpforms-1637-field_1-error\" required><\/div><div id=\"wpforms-1637-field_7-container\" class=\"wpforms-field wpforms-field-select wpforms-field-select-style-modern\" data-field-id=\"7\"><label class=\"wpforms-field-label\" for=\"wpforms-1637-field_7\">Elige el asunto <span class=\"wpforms-required-label\" aria-hidden=\"true\">*<\/span><\/label><select id=\"wpforms-1637-field_7\" class=\"wpforms-field-medium wpforms-field-required choicesjs-select\" data-size-class=\"wpforms-field-row wpforms-field-medium\" data-search-enabled=\"\" name=\"wpforms[fields][7]\" required=\"required\"><option value=\"\" class=\"placeholder\" disabled  selected='selected'><\/option><option value=\"Alpes\"  class=\"choice-1 depth-1\"  >Alpes<\/option><option value=\"Escalada en hielo\"  class=\"choice-2 depth-1\"  >Escalada en hielo<\/option><option value=\"Corredores y caras nortes\"  class=\"choice-4 depth-1\"  >Corredores y caras nortes<\/option><option value=\"Escalada en Roca\"  class=\"choice-3 depth-1\"  >Escalada en Roca<\/option><option value=\"Aristas\"  class=\"choice-7 depth-1\"  >Aristas<\/option><option value=\"Esqu\u00ed\"  class=\"choice-5 depth-1\"  >Esqu\u00ed<\/option><option value=\"Cursos\"  class=\"choice-6 depth-1\"  >Cursos<\/option><\/select><\/div><div id=\"wpforms-1637-field_2-container\" class=\"wpforms-field wpforms-field-textarea\" data-field-id=\"2\"><textarea id=\"wpforms-1637-field_2\" class=\"wpforms-field-medium wpforms-field-required\" name=\"wpforms[fields][2]\" placeholder=\"Deja aqu\u00ed tu mensaje\" aria-errormessage=\"wpforms-1637-field_2-error\" required><\/textarea><\/div><div id=\"wpforms-1637-field_9-container\" class=\"wpforms-field wpforms-field-checkbox\" data-field-id=\"9\"><fieldset><legend class=\"wpforms-field-label wpforms-label-hide\" aria-hidden=\"false\">Casillas de verificaci\u00f3n<\/legend><ul id=\"wpforms-1637-field_9\"><li class=\"choice-1 depth-1\"><input type=\"checkbox\" id=\"wpforms-1637-field_9_1\" name=\"wpforms[fields][9][]\" value=\"Quiero suscribirme a la newsletter.\" aria-errormessage=\"wpforms-1637-field_9_1-error\"  ><label class=\"wpforms-field-label-inline\" for=\"wpforms-1637-field_9_1\">Quiero suscribirme a la newsletter.<\/label><\/li><\/ul><\/fieldset><\/div><div id=\"wpforms-1637-field_3-container\" class=\"wpforms-field wpforms-field-gdpr-checkbox\" data-field-id=\"3\"><ul id=\"wpforms-1637-field_3\" class=\"wpforms-field-required\"><li class=\"choice-1\"><input type=\"checkbox\" id=\"wpforms-1637-field_3_1\" name=\"wpforms[fields][3][]\" value=\"Doy mi consentimiento para que esta web almacene la informaci\u00f3n que env\u00edo para que puedan responder a mi petici\u00f3n.\" aria-errormessage=\"wpforms-1637-field_3_1-error\" required ><label class=\"wpforms-field-label-inline\" for=\"wpforms-1637-field_3_1\">Doy mi consentimiento para que esta web almacene la informaci\u00f3n que env\u00edo para que puedan responder a mi petici\u00f3n. <span class=\"wpforms-required-label\" aria-hidden=\"true\">*<\/span><\/label><\/li><\/ul><\/div><\/div><!-- .wpforms-field-container --><div class=\"wpforms-submit-container\" ><input type=\"hidden\" name=\"wpforms[id]\" value=\"1637\"><input type=\"hidden\" name=\"page_title\" value=\"\"><input type=\"hidden\" name=\"page_url\" value=\"https:\/\/eukenisoto.eu\/en\/wp-json\/wp\/v2\/pages\/1632\"><input type=\"hidden\" name=\"url_referer\" value=\"\"><button type=\"submit\" name=\"wpforms[submit]\" id=\"wpforms-submit-1637\" class=\"wpforms-submit\" data-alt-text=\"Enviando...\" data-submit-text=\"Enviar\" aria-live=\"assertive\" value=\"wpforms-submit\">Enviar<\/button><img decoding=\"async\" src=\"https:\/\/eukenisoto.eu\/wp-content\/plugins\/wpforms-lite\/assets\/images\/submit-spin.svg\" class=\"wpforms-submit-spinner\" style=\"display: none;\" width=\"26\" height=\"26\" alt=\"Loading\"><\/div><\/form><\/div>  <!-- .wpforms-container -->\t\t\t\t<\/div>\n\t\t\t\t<\/div>\n\t\t\t\t<\/div>\n\t\t\t\t<\/div>\n\t\t\t\t\t<\/div>\n\t\t\t\t<\/div>\n\t\t\t\t<\/div>\n\t\t","protected":false},"excerpt":{"rendered":"<p>Formulario de contacto \u00bfQUIERES REALIZAR UNA ACTIVIDAD O PEDIRME M\u00c1S INFORMACI\u00d3N? Escr\u00edbeme para reservar la actividad o pedirme m\u00e1s informaci\u00f3n. Tamb\u00eden lo puedes hacer envi\u00e1ndome un email o por tel\u00e9fono. Por favor, activa JavaScript en tu navegador para completar este formulario.Por favor, activa JavaScript en tu navegador para completar este formulario. * NombreApellidos Elige el [&hellip;]<\/p>\n","protected":false},"author":1,"featured_media":0,"parent":0,"menu_order":0,"comment_status":"closed","ping_status":"closed","template":"elementor_header_footer","meta":{"inline_featured_image":false,"footnotes":""},"class_list":["post-1632","page","type-page","status-publish","hentry"],"yoast_head":"<!-- This site is optimized with the Yoast SEO plugin v27.4 - https:\/\/yoast.com\/product\/yoast-seo-wordpress\/ -->\n<title>Formulario de actividades - Eukeni Soto Gu\u00eda de alta monta\u00f1a UIAGM<\/title>\n<meta name=\"description\" content=\"Formulario de contacto para actividades de escalada, alpinismo y esqu\u00ed con gu\u00eda de alta monta\u00f1a UIAGM\" \/>\n<meta name=\"robots\" content=\"index, follow, max-snippet:-1, max-image-preview:large, max-video-preview:-1\" \/>\n<link rel=\"canonical\" href=\"https:\/\/eukenisoto.eu\/en\/actividades_formulario\/\" \/>\n<meta property=\"og:locale\" content=\"en_GB\" \/>\n<meta property=\"og:type\" content=\"article\" \/>\n<meta property=\"og:title\" content=\"Formulario de actividades - Eukeni Soto Gu\u00eda de alta monta\u00f1a UIAGM\" \/>\n<meta property=\"og:description\" content=\"Formulario de contacto para actividades de escalada, alpinismo y esqu\u00ed con gu\u00eda de alta monta\u00f1a UIAGM\" \/>\n<meta property=\"og:url\" content=\"https:\/\/eukenisoto.eu\/en\/actividades_formulario\/\" \/>\n<meta property=\"og:site_name\" content=\"Eukeni Soto Gu\u00eda de alta monta\u00f1a UIAGM\" \/>\n<meta property=\"article:publisher\" content=\"https:\/\/www.facebook.com\/eukenisotogam\/\" \/>\n<meta property=\"article:modified_time\" content=\"2026-02-10T15:33:58+00:00\" \/>\n<meta property=\"og:image\" content=\"https:\/\/darkviolet-koala-232936.hostingersite.com\/wp-content\/plugins\/wpforms-lite\/assets\/images\/submit-spin.svg\" \/>\n<meta name=\"twitter:card\" content=\"summary_large_image\" \/>\n<meta name=\"twitter:site\" content=\"@eukenisoto\" \/>\n<meta name=\"twitter:label1\" content=\"Estimated reading time\" \/>\n\t<meta name=\"twitter:data1\" content=\"1 minute\" \/>\n<script type=\"application\/ld+json\" class=\"yoast-schema-graph\">{\"@context\":\"https:\\\/\\\/schema.org\",\"@graph\":[{\"@type\":\"WebPage\",\"@id\":\"https:\\\/\\\/eukenisoto.eu\\\/actividades_formulario\\\/\",\"url\":\"https:\\\/\\\/eukenisoto.eu\\\/actividades_formulario\\\/\",\"name\":\"Formulario de actividades - Eukeni Soto Gu\u00eda de alta monta\u00f1a UIAGM\",\"isPartOf\":{\"@id\":\"https:\\\/\\\/eukenisoto.eu\\\/#website\"},\"primaryImageOfPage\":{\"@id\":\"https:\\\/\\\/eukenisoto.eu\\\/actividades_formulario\\\/#primaryimage\"},\"image\":{\"@id\":\"https:\\\/\\\/eukenisoto.eu\\\/actividades_formulario\\\/#primaryimage\"},\"thumbnailUrl\":\"https:\\\/\\\/darkviolet-koala-232936.hostingersite.com\\\/wp-content\\\/plugins\\\/wpforms-lite\\\/assets\\\/images\\\/submit-spin.svg\",\"datePublished\":\"2024-02-16T10:05:10+00:00\",\"dateModified\":\"2026-02-10T15:33:58+00:00\",\"description\":\"Formulario de contacto para actividades de escalada, alpinismo y esqu\u00ed con gu\u00eda de alta monta\u00f1a UIAGM\",\"breadcrumb\":{\"@id\":\"https:\\\/\\\/eukenisoto.eu\\\/actividades_formulario\\\/#breadcrumb\"},\"inLanguage\":\"en-GB\",\"potentialAction\":[{\"@type\":\"ReadAction\",\"target\":[\"https:\\\/\\\/eukenisoto.eu\\\/actividades_formulario\\\/\"]}]},{\"@type\":\"ImageObject\",\"inLanguage\":\"en-GB\",\"@id\":\"https:\\\/\\\/eukenisoto.eu\\\/actividades_formulario\\\/#primaryimage\",\"url\":\"https:\\\/\\\/darkviolet-koala-232936.hostingersite.com\\\/wp-content\\\/plugins\\\/wpforms-lite\\\/assets\\\/images\\\/submit-spin.svg\",\"contentUrl\":\"https:\\\/\\\/darkviolet-koala-232936.hostingersite.com\\\/wp-content\\\/plugins\\\/wpforms-lite\\\/assets\\\/images\\\/submit-spin.svg\"},{\"@type\":\"BreadcrumbList\",\"@id\":\"https:\\\/\\\/eukenisoto.eu\\\/actividades_formulario\\\/#breadcrumb\",\"itemListElement\":[{\"@type\":\"ListItem\",\"position\":1,\"name\":\"Portada\",\"item\":\"https:\\\/\\\/eukenisoto.eu\\\/\"},{\"@type\":\"ListItem\",\"position\":2,\"name\":\"Formulario de actividades\"}]},{\"@type\":\"WebSite\",\"@id\":\"https:\\\/\\\/eukenisoto.eu\\\/#website\",\"url\":\"https:\\\/\\\/eukenisoto.eu\\\/\",\"name\":\"Eukeni Soto gu\u00eda de monta\u00f1a\",\"description\":\"Gu\u00eda de Alta Monta\u00f1a\",\"publisher\":{\"@id\":\"https:\\\/\\\/eukenisoto.eu\\\/#\\\/schema\\\/person\\\/080c1d9dcd25555f6161c16c7add85e5\"},\"potentialAction\":[{\"@type\":\"SearchAction\",\"target\":{\"@type\":\"EntryPoint\",\"urlTemplate\":\"https:\\\/\\\/eukenisoto.eu\\\/?s={search_term_string}\"},\"query-input\":{\"@type\":\"PropertyValueSpecification\",\"valueRequired\":true,\"valueName\":\"search_term_string\"}}],\"inLanguage\":\"en-GB\"},{\"@type\":[\"Person\",\"Organization\"],\"@id\":\"https:\\\/\\\/eukenisoto.eu\\\/#\\\/schema\\\/person\\\/080c1d9dcd25555f6161c16c7add85e5\",\"name\":\"eukeni\",\"image\":{\"@type\":\"ImageObject\",\"inLanguage\":\"en-GB\",\"@id\":\"https:\\\/\\\/eukenisoto.eu\\\/wp-content\\\/uploads\\\/2024\\\/01\\\/cropped-5.logo_blanco_horizontal.png\",\"url\":\"https:\\\/\\\/eukenisoto.eu\\\/wp-content\\\/uploads\\\/2024\\\/01\\\/cropped-5.logo_blanco_horizontal.png\",\"contentUrl\":\"https:\\\/\\\/eukenisoto.eu\\\/wp-content\\\/uploads\\\/2024\\\/01\\\/cropped-5.logo_blanco_horizontal.png\",\"width\":1000,\"height\":273,\"caption\":\"eukeni\"},\"logo\":{\"@id\":\"https:\\\/\\\/eukenisoto.eu\\\/wp-content\\\/uploads\\\/2024\\\/01\\\/cropped-5.logo_blanco_horizontal.png\"},\"description\":\"Guia de Alta Monta\u00f1a desde 2012. Apasionado y amante de la monta\u00f1a y de la naturaleza.\",\"sameAs\":[\"https:\\\/\\\/darkviolet-koala-232936.hostingersite.com\",\"https:\\\/\\\/www.facebook.com\\\/eukenisotogam\\\/\",\"https:\\\/\\\/www.instagram.com\\\/eukenisoto_guiamontana\\\/\",\"https:\\\/\\\/x.com\\\/eukenisoto\"]}]}<\/script>\n<!-- \/ Yoast SEO plugin. -->","yoast_head_json":{"title":"Formulario de actividades - Eukeni Soto Gu\u00eda de alta monta\u00f1a UIAGM","description":"Formulario de contacto para actividades de escalada, alpinismo y esqu\u00ed con gu\u00eda de alta monta\u00f1a UIAGM","robots":{"index":"index","follow":"follow","max-snippet":"max-snippet:-1","max-image-preview":"max-image-preview:large","max-video-preview":"max-video-preview:-1"},"canonical":"https:\/\/eukenisoto.eu\/en\/actividades_formulario\/","og_locale":"en_GB","og_type":"article","og_title":"Formulario de actividades - Eukeni Soto Gu\u00eda de alta monta\u00f1a UIAGM","og_description":"Formulario de contacto para actividades de escalada, alpinismo y esqu\u00ed con gu\u00eda de alta monta\u00f1a UIAGM","og_url":"https:\/\/eukenisoto.eu\/en\/actividades_formulario\/","og_site_name":"Eukeni Soto Gu\u00eda de alta monta\u00f1a UIAGM","article_publisher":"https:\/\/www.facebook.com\/eukenisotogam\/","article_modified_time":"2026-02-10T15:33:58+00:00","og_image":[{"url":"https:\/\/darkviolet-koala-232936.hostingersite.com\/wp-content\/plugins\/wpforms-lite\/assets\/images\/submit-spin.svg","type":"","width":"","height":""}],"twitter_card":"summary_large_image","twitter_site":"@eukenisoto","twitter_misc":{"Estimated reading time":"1 minute"},"schema":{"@context":"https:\/\/schema.org","@graph":[{"@type":"WebPage","@id":"https:\/\/eukenisoto.eu\/actividades_formulario\/","url":"https:\/\/eukenisoto.eu\/actividades_formulario\/","name":"Formulario de actividades - Eukeni Soto Gu\u00eda de alta monta\u00f1a UIAGM","isPartOf":{"@id":"https:\/\/eukenisoto.eu\/#website"},"primaryImageOfPage":{"@id":"https:\/\/eukenisoto.eu\/actividades_formulario\/#primaryimage"},"image":{"@id":"https:\/\/eukenisoto.eu\/actividades_formulario\/#primaryimage"},"thumbnailUrl":"https:\/\/darkviolet-koala-232936.hostingersite.com\/wp-content\/plugins\/wpforms-lite\/assets\/images\/submit-spin.svg","datePublished":"2024-02-16T10:05:10+00:00","dateModified":"2026-02-10T15:33:58+00:00","description":"Formulario de contacto para actividades de escalada, alpinismo y esqu\u00ed con gu\u00eda de alta monta\u00f1a UIAGM","breadcrumb":{"@id":"https:\/\/eukenisoto.eu\/actividades_formulario\/#breadcrumb"},"inLanguage":"en-GB","potentialAction":[{"@type":"ReadAction","target":["https:\/\/eukenisoto.eu\/actividades_formulario\/"]}]},{"@type":"ImageObject","inLanguage":"en-GB","@id":"https:\/\/eukenisoto.eu\/actividades_formulario\/#primaryimage","url":"https:\/\/darkviolet-koala-232936.hostingersite.com\/wp-content\/plugins\/wpforms-lite\/assets\/images\/submit-spin.svg","contentUrl":"https:\/\/darkviolet-koala-232936.hostingersite.com\/wp-content\/plugins\/wpforms-lite\/assets\/images\/submit-spin.svg"},{"@type":"BreadcrumbList","@id":"https:\/\/eukenisoto.eu\/actividades_formulario\/#breadcrumb","itemListElement":[{"@type":"ListItem","position":1,"name":"Portada","item":"https:\/\/eukenisoto.eu\/"},{"@type":"ListItem","position":2,"name":"Formulario de actividades"}]},{"@type":"WebSite","@id":"https:\/\/eukenisoto.eu\/#website","url":"https:\/\/eukenisoto.eu\/","name":"Eukeni Soto gu\u00eda de monta\u00f1a","description":"Gu\u00eda de Alta Monta\u00f1a","publisher":{"@id":"https:\/\/eukenisoto.eu\/#\/schema\/person\/080c1d9dcd25555f6161c16c7add85e5"},"potentialAction":[{"@type":"SearchAction","target":{"@type":"EntryPoint","urlTemplate":"https:\/\/eukenisoto.eu\/?s={search_term_string}"},"query-input":{"@type":"PropertyValueSpecification","valueRequired":true,"valueName":"search_term_string"}}],"inLanguage":"en-GB"},{"@type":["Person","Organization"],"@id":"https:\/\/eukenisoto.eu\/#\/schema\/person\/080c1d9dcd25555f6161c16c7add85e5","name":"eukeni","image":{"@type":"ImageObject","inLanguage":"en-GB","@id":"https:\/\/eukenisoto.eu\/wp-content\/uploads\/2024\/01\/cropped-5.logo_blanco_horizontal.png","url":"https:\/\/eukenisoto.eu\/wp-content\/uploads\/2024\/01\/cropped-5.logo_blanco_horizontal.png","contentUrl":"https:\/\/eukenisoto.eu\/wp-content\/uploads\/2024\/01\/cropped-5.logo_blanco_horizontal.png","width":1000,"height":273,"caption":"eukeni"},"logo":{"@id":"https:\/\/eukenisoto.eu\/wp-content\/uploads\/2024\/01\/cropped-5.logo_blanco_horizontal.png"},"description":"Guia de Alta Monta\u00f1a desde 2012. Apasionado y amante de la monta\u00f1a y de la naturaleza.","sameAs":["https:\/\/darkviolet-koala-232936.hostingersite.com","https:\/\/www.facebook.com\/eukenisotogam\/","https:\/\/www.instagram.com\/eukenisoto_guiamontana\/","https:\/\/x.com\/eukenisoto"]}]}},"_links":{"self":[{"href":"https:\/\/eukenisoto.eu\/en\/wp-json\/wp\/v2\/pages\/1632","targetHints":{"allow":["GET"]}}],"collection":[{"href":"https:\/\/eukenisoto.eu\/en\/wp-json\/wp\/v2\/pages"}],"about":[{"href":"https:\/\/eukenisoto.eu\/en\/wp-json\/wp\/v2\/types\/page"}],"author":[{"embeddable":true,"href":"https:\/\/eukenisoto.eu\/en\/wp-json\/wp\/v2\/users\/1"}],"replies":[{"embeddable":true,"href":"https:\/\/eukenisoto.eu\/en\/wp-json\/wp\/v2\/comments?post=1632"}],"version-history":[{"count":20,"href":"https:\/\/eukenisoto.eu\/en\/wp-json\/wp\/v2\/pages\/1632\/revisions"}],"predecessor-version":[{"id":5361,"href":"https:\/\/eukenisoto.eu\/en\/wp-json\/wp\/v2\/pages\/1632\/revisions\/5361"}],"wp:attachment":[{"href":"https:\/\/eukenisoto.eu\/en\/wp-json\/wp\/v2\/media?parent=1632"}],"curies":[{"name":"wp","href":"https:\/\/api.w.org\/{rel}","templated":true}]}}