{"id":1532,"date":"2024-02-13T19:35:58","date_gmt":"2024-02-13T18:35:58","guid":{"rendered":"https:\/\/darkviolet-koala-232936.hostingersite.com\/carrito\/"},"modified":"2024-02-13T19:35:58","modified_gmt":"2024-02-13T18:35:58","slug":"carrito","status":"publish","type":"page","link":"https:\/\/eukenisoto.eu\/en\/carrito\/","title":{"rendered":"Carrito"},"content":{"rendered":"<div class=\"wp-block-woocommerce-cart alignwide is-loading\">\n<div class=\"wp-block-woocommerce-filled-cart-block\">\n<div class=\"wp-block-woocommerce-cart-items-block\">\n<div class=\"wp-block-woocommerce-cart-line-items-block\"><\/div>\n\n\n\n<div class=\"wp-block-woocommerce-cart-cross-sells-block\">\n<h2 class=\"wp-block-heading has-large-font-size\">Puede que te interese\u2026<\/h2>\n\n\n\n<div class=\"wp-block-woocommerce-cart-cross-sells-products-block\"><\/div>\n<\/div>\n<\/div>\n\n\n\n<div class=\"wp-block-woocommerce-cart-totals-block\">\n<div class=\"wp-block-woocommerce-cart-order-summary-block\">\n<div class=\"wp-block-woocommerce-cart-order-summary-heading-block\"><\/div>\n\n\n\n<div class=\"wp-block-woocommerce-cart-order-summary-coupon-form-block\"><\/div>\n\n\n\n<div class=\"wp-block-woocommerce-cart-order-summary-subtotal-block\"><\/div>\n\n\n\n<div class=\"wp-block-woocommerce-cart-order-summary-fee-block\"><\/div>\n\n\n\n<div class=\"wp-block-woocommerce-cart-order-summary-discount-block\"><\/div>\n\n\n\n<div class=\"wp-block-woocommerce-cart-order-summary-shipping-block\"><\/div>\n\n\n\n<div class=\"wp-block-woocommerce-cart-order-summary-taxes-block\"><\/div>\n<\/div>\n\n\n\n<div class=\"wp-block-woocommerce-cart-express-payment-block\"><\/div>\n\n\n\n<div class=\"wp-block-woocommerce-proceed-to-checkout-block\"><\/div>\n\n\n\n<div class=\"wp-block-woocommerce-cart-accepted-payment-methods-block\"><\/div>\n<\/div>\n<\/div>\n\n\n\n<div class=\"wp-block-woocommerce-empty-cart-block\">\n<h2 class=\"wp-block-heading has-text-align-center with-empty-cart-icon wc-block-cart__empty-cart__title\">\u00a1Tu carrito est\u00e1 actualmente vac\u00edo!<\/h2>\n\n\n\n<hr class=\"wp-block-separator has-alpha-channel-opacity is-style-dots\"\/>\n\n\n\n<h2 class=\"wp-block-heading has-text-align-center\">Nuevo en la tienda<\/h2>\n\n\n<\/div>\n<\/div>","protected":false},"excerpt":{"rendered":"","protected":false},"author":1,"featured_media":0,"parent":0,"menu_order":0,"comment_status":"closed","ping_status":"closed","template":"","meta":{"inline_featured_image":false,"footnotes":""},"class_list":["post-1532","page","type-page","status-publish","hentry"],"yoast_head":"<!-- This site is optimized with the Yoast SEO plugin v27.3 - https:\/\/yoast.com\/product\/yoast-seo-wordpress\/ -->\n<title>Carrito - Eukeni Soto Gu\u00eda de alta monta\u00f1a UIAGM<\/title>\n<meta name=\"robots\" content=\"index, follow, max-snippet:-1, max-image-preview:large, max-video-preview:-1\" \/>\n<link rel=\"canonical\" href=\"https:\/\/eukenisoto.eu\/en\/carrito\/\" \/>\n<meta property=\"og:locale\" content=\"en_GB\" \/>\n<meta property=\"og:type\" content=\"article\" \/>\n<meta property=\"og:title\" content=\"Carrito - Eukeni Soto Gu\u00eda de alta monta\u00f1a UIAGM\" \/>\n<meta property=\"og:url\" content=\"https:\/\/eukenisoto.eu\/en\/carrito\/\" \/>\n<meta property=\"og:site_name\" content=\"Eukeni Soto Gu\u00eda de alta monta\u00f1a UIAGM\" \/>\n<meta property=\"article:publisher\" content=\"https:\/\/www.facebook.com\/eukenisotogam\/\" \/>\n<meta name=\"twitter:card\" content=\"summary_large_image\" \/>\n<meta name=\"twitter:site\" content=\"@eukenisoto\" \/>\n<script type=\"application\/ld+json\" class=\"yoast-schema-graph\">{\"@context\":\"https:\\\/\\\/schema.org\",\"@graph\":[{\"@type\":\"WebPage\",\"@id\":\"https:\\\/\\\/eukenisoto.eu\\\/carrito\\\/\",\"url\":\"https:\\\/\\\/eukenisoto.eu\\\/carrito\\\/\",\"name\":\"Carrito - Eukeni Soto Gu\u00eda de alta monta\u00f1a UIAGM\",\"isPartOf\":{\"@id\":\"https:\\\/\\\/eukenisoto.eu\\\/#website\"},\"datePublished\":\"2024-02-13T18:35:58+00:00\",\"breadcrumb\":{\"@id\":\"https:\\\/\\\/eukenisoto.eu\\\/carrito\\\/#breadcrumb\"},\"inLanguage\":\"en-GB\",\"potentialAction\":[{\"@type\":\"ReadAction\",\"target\":[\"https:\\\/\\\/eukenisoto.eu\\\/carrito\\\/\"]}]},{\"@type\":\"BreadcrumbList\",\"@id\":\"https:\\\/\\\/eukenisoto.eu\\\/carrito\\\/#breadcrumb\",\"itemListElement\":[{\"@type\":\"ListItem\",\"position\":1,\"name\":\"Portada\",\"item\":\"https:\\\/\\\/eukenisoto.eu\\\/\"},{\"@type\":\"ListItem\",\"position\":2,\"name\":\"Carrito\"}]},{\"@type\":\"WebSite\",\"@id\":\"https:\\\/\\\/eukenisoto.eu\\\/#website\",\"url\":\"https:\\\/\\\/eukenisoto.eu\\\/\",\"name\":\"Eukeni Soto gu\u00eda de monta\u00f1a\",\"description\":\"Gu\u00eda de Alta Monta\u00f1a\",\"publisher\":{\"@id\":\"https:\\\/\\\/eukenisoto.eu\\\/#\\\/schema\\\/person\\\/080c1d9dcd25555f6161c16c7add85e5\"},\"potentialAction\":[{\"@type\":\"SearchAction\",\"target\":{\"@type\":\"EntryPoint\",\"urlTemplate\":\"https:\\\/\\\/eukenisoto.eu\\\/?s={search_term_string}\"},\"query-input\":{\"@type\":\"PropertyValueSpecification\",\"valueRequired\":true,\"valueName\":\"search_term_string\"}}],\"inLanguage\":\"en-GB\"},{\"@type\":[\"Person\",\"Organization\"],\"@id\":\"https:\\\/\\\/eukenisoto.eu\\\/#\\\/schema\\\/person\\\/080c1d9dcd25555f6161c16c7add85e5\",\"name\":\"eukeni\",\"image\":{\"@type\":\"ImageObject\",\"inLanguage\":\"en-GB\",\"@id\":\"https:\\\/\\\/eukenisoto.eu\\\/wp-content\\\/uploads\\\/2024\\\/01\\\/cropped-5.logo_blanco_horizontal.png\",\"url\":\"https:\\\/\\\/eukenisoto.eu\\\/wp-content\\\/uploads\\\/2024\\\/01\\\/cropped-5.logo_blanco_horizontal.png\",\"contentUrl\":\"https:\\\/\\\/eukenisoto.eu\\\/wp-content\\\/uploads\\\/2024\\\/01\\\/cropped-5.logo_blanco_horizontal.png\",\"width\":1000,\"height\":273,\"caption\":\"eukeni\"},\"logo\":{\"@id\":\"https:\\\/\\\/eukenisoto.eu\\\/wp-content\\\/uploads\\\/2024\\\/01\\\/cropped-5.logo_blanco_horizontal.png\"},\"description\":\"Guia de Alta Monta\u00f1a desde 2012. Apasionado y amante de la monta\u00f1a y de la naturaleza.\",\"sameAs\":[\"https:\\\/\\\/darkviolet-koala-232936.hostingersite.com\",\"https:\\\/\\\/www.facebook.com\\\/eukenisotogam\\\/\",\"https:\\\/\\\/www.instagram.com\\\/eukenisoto_guiamontana\\\/\",\"https:\\\/\\\/x.com\\\/eukenisoto\"]}]}<\/script>\n<!-- \/ Yoast SEO plugin. -->","yoast_head_json":{"title":"Carrito - Eukeni Soto Gu\u00eda de alta monta\u00f1a UIAGM","robots":{"index":"index","follow":"follow","max-snippet":"max-snippet:-1","max-image-preview":"max-image-preview:large","max-video-preview":"max-video-preview:-1"},"canonical":"https:\/\/eukenisoto.eu\/en\/carrito\/","og_locale":"en_GB","og_type":"article","og_title":"Carrito - Eukeni Soto Gu\u00eda de alta monta\u00f1a UIAGM","og_url":"https:\/\/eukenisoto.eu\/en\/carrito\/","og_site_name":"Eukeni Soto Gu\u00eda de alta monta\u00f1a UIAGM","article_publisher":"https:\/\/www.facebook.com\/eukenisotogam\/","twitter_card":"summary_large_image","twitter_site":"@eukenisoto","schema":{"@context":"https:\/\/schema.org","@graph":[{"@type":"WebPage","@id":"https:\/\/eukenisoto.eu\/carrito\/","url":"https:\/\/eukenisoto.eu\/carrito\/","name":"Carrito - Eukeni Soto Gu\u00eda de alta monta\u00f1a UIAGM","isPartOf":{"@id":"https:\/\/eukenisoto.eu\/#website"},"datePublished":"2024-02-13T18:35:58+00:00","breadcrumb":{"@id":"https:\/\/eukenisoto.eu\/carrito\/#breadcrumb"},"inLanguage":"en-GB","potentialAction":[{"@type":"ReadAction","target":["https:\/\/eukenisoto.eu\/carrito\/"]}]},{"@type":"BreadcrumbList","@id":"https:\/\/eukenisoto.eu\/carrito\/#breadcrumb","itemListElement":[{"@type":"ListItem","position":1,"name":"Portada","item":"https:\/\/eukenisoto.eu\/"},{"@type":"ListItem","position":2,"name":"Carrito"}]},{"@type":"WebSite","@id":"https:\/\/eukenisoto.eu\/#website","url":"https:\/\/eukenisoto.eu\/","name":"Eukeni Soto gu\u00eda de monta\u00f1a","description":"Gu\u00eda de Alta Monta\u00f1a","publisher":{"@id":"https:\/\/eukenisoto.eu\/#\/schema\/person\/080c1d9dcd25555f6161c16c7add85e5"},"potentialAction":[{"@type":"SearchAction","target":{"@type":"EntryPoint","urlTemplate":"https:\/\/eukenisoto.eu\/?s={search_term_string}"},"query-input":{"@type":"PropertyValueSpecification","valueRequired":true,"valueName":"search_term_string"}}],"inLanguage":"en-GB"},{"@type":["Person","Organization"],"@id":"https:\/\/eukenisoto.eu\/#\/schema\/person\/080c1d9dcd25555f6161c16c7add85e5","name":"eukeni","image":{"@type":"ImageObject","inLanguage":"en-GB","@id":"https:\/\/eukenisoto.eu\/wp-content\/uploads\/2024\/01\/cropped-5.logo_blanco_horizontal.png","url":"https:\/\/eukenisoto.eu\/wp-content\/uploads\/2024\/01\/cropped-5.logo_blanco_horizontal.png","contentUrl":"https:\/\/eukenisoto.eu\/wp-content\/uploads\/2024\/01\/cropped-5.logo_blanco_horizontal.png","width":1000,"height":273,"caption":"eukeni"},"logo":{"@id":"https:\/\/eukenisoto.eu\/wp-content\/uploads\/2024\/01\/cropped-5.logo_blanco_horizontal.png"},"description":"Guia de Alta Monta\u00f1a desde 2012. Apasionado y amante de la monta\u00f1a y de la naturaleza.","sameAs":["https:\/\/darkviolet-koala-232936.hostingersite.com","https:\/\/www.facebook.com\/eukenisotogam\/","https:\/\/www.instagram.com\/eukenisoto_guiamontana\/","https:\/\/x.com\/eukenisoto"]}]}},"_links":{"self":[{"href":"https:\/\/eukenisoto.eu\/en\/wp-json\/wp\/v2\/pages\/1532","targetHints":{"allow":["GET"]}}],"collection":[{"href":"https:\/\/eukenisoto.eu\/en\/wp-json\/wp\/v2\/pages"}],"about":[{"href":"https:\/\/eukenisoto.eu\/en\/wp-json\/wp\/v2\/types\/page"}],"author":[{"embeddable":true,"href":"https:\/\/eukenisoto.eu\/en\/wp-json\/wp\/v2\/users\/1"}],"replies":[{"embeddable":true,"href":"https:\/\/eukenisoto.eu\/en\/wp-json\/wp\/v2\/comments?post=1532"}],"version-history":[{"count":0,"href":"https:\/\/eukenisoto.eu\/en\/wp-json\/wp\/v2\/pages\/1532\/revisions"}],"wp:attachment":[{"href":"https:\/\/eukenisoto.eu\/en\/wp-json\/wp\/v2\/media?parent=1532"}],"curies":[{"name":"wp","href":"https:\/\/api.w.org\/{rel}","templated":true}]}}